{"id":8366,"date":"2020-08-16T19:36:37","date_gmt":"2020-08-16T19:36:37","guid":{"rendered":"https:\/\/rothwelldental.ca\/?page_id=8366"},"modified":"2023-12-07T10:03:52","modified_gmt":"2023-12-07T15:03:52","slug":"contactez-nous","status":"publish","type":"page","link":"https:\/\/rothwelldental.ca\/fr\/contactez-nous\/","title":{"rendered":"Contactez Nous"},"content":{"rendered":"<section class=\"l-section wpb_row us_custom_cd2ad0f2 height_auto\"><div class=\"l-section-h i-cf\"><div class=\"g-cols vc_row via_flex valign_top type_default stacking_default\"><div class=\"vc_col-sm-12 wpb_column vc_column_container\"><div class=\"vc_column-inner\"><div class=\"wpb_wrapper\"><div class=\"g-cols wpb_row us_custom_2244a33c via_flex valign_top type_default stacking_default\"><div class=\"vc_col-sm-12 wpb_column vc_column_container\"><div class=\"vc_column-inner\"><div class=\"wpb_wrapper\"><div class=\"wpb_text_column\"><div class=\"wpb_wrapper\"><h2 style=\"text-align: left;\">Contacter Rothwell Dental<\/h2>\n<\/div><\/div><div class=\"w-separator size_small\"><\/div><div class=\"wpb_text_column\"><div class=\"wpb_wrapper\"><p>Le centre Rothwell Dental est la plus r\u00e9cente clinique dentaire \u00e0 ouvrir ses portes \u00e0 Gloucester, offrant \u00e0 la r\u00e9gion d\u2019Ottawa des services dentaires sup\u00e9rieurs et modernes. Que vous soyez un de nos anciens patients ou que vous cherchiez des renseignements, notre personnel accueillant et bilingue se fera un plaisir de vous aider. Veuillez remplir le formulaire ci-bas pour nous envoyer un courriel, ou cliquez notre num\u00e9ro de t\u00e9l\u00e9phone pour nous appeler.<\/p>\n<\/div><\/div><\/div><\/div><\/div><\/div><div class=\"g-cols wpb_row via_flex valign_middle type_default stacking_default\"><div class=\"vc_col-sm-6 wpb_column vc_column_container\"><div class=\"vc_column-inner\"><div class=\"wpb_wrapper\">[vc_raw_html]JTVCZm9ybWluYXRvcl9mb3JtJTIwaWQlM0QlMjI5MDk4JTIyJTVE[\/vc_raw_html]<\/div><\/div><\/div><div class=\"vc_col-sm-6 wpb_column vc_column_container\"><div class=\"vc_column-inner\"><div class=\"wpb_wrapper\"><div class=\"w-iconbox iconpos_left style_default color_primary align_left no_text\"><a href=\"tel:6137444532\" class=\"w-iconbox-link\" aria-label=\"(613) 744-4532\"><div class=\"w-iconbox-icon\" style=\"font-size:2rem;\"><i class=\"fas fa-phone\"><\/i><\/div><\/a><div class=\"w-iconbox-meta\"><h4 class=\"w-iconbox-title\"><a href=\"tel:6137444532\" class=\"w-iconbox-link\" aria-label=\"(613) 744-4532\">(613) 744-4532<\/a><\/h4><\/div><\/div><div class=\"w-separator size_medium\"><\/div><div class=\"w-iconbox iconpos_left style_default color_primary align_left no_text\"><a target=\" _blank\" rel=\"nofollow\" href=\"https:\/\/goo.gl\/maps\/k8FLBca8GERbdo5f9\" class=\"w-iconbox-link\" aria-label=\"1745 Chemin Montr\u00e9al, Ottawa ON K1J 6N4\"><div class=\"w-iconbox-icon\" style=\"font-size:2rem;\"><i class=\"fas fa-map-marker-alt\"><\/i><\/div><\/a><div class=\"w-iconbox-meta\"><h4 class=\"w-iconbox-title\"><a target=\" _blank\" rel=\"nofollow\" href=\"https:\/\/goo.gl\/maps\/k8FLBca8GERbdo5f9\" class=\"w-iconbox-link\" aria-label=\"1745 Chemin Montr\u00e9al, Ottawa ON K1J 6N4\">1745 Chemin Montr\u00e9al, Ottawa ON K1J 6N4<\/a><\/h4><\/div><\/div><div class=\"w-separator size_medium\"><\/div><div class=\"w-iconbox iconpos_left style_default color_primary align_left\"><a href=\"[]\" class=\"w-iconbox-link\" aria-label=\"Nos heures d\u2019ouverture\"><div class=\"w-iconbox-icon\" style=\"font-size:2rem;\"><i class=\"fas fa-calendar-alt\"><\/i><\/div><\/a><div class=\"w-iconbox-meta\"><h4 class=\"w-iconbox-title\"><a href=\"[]\" class=\"w-iconbox-link\" aria-label=\"Nos heures d\u2019ouverture\">Nos heures d\u2019ouverture<\/a><\/h4><div class=\"w-iconbox-text\"><p>Lundi au jeudi 8h10 &#8211; 16h30<br \/>\nVendredi 8h10 &#8211; 13h<!--\n\n\n\n\n<table>\n\n\n\n\n<tbody>\n\n\n\n\n<tr>\n\n\n\n\n<td>Lundi - Jeudi<\/td>\n\n\n\n\n\n\n\n\n<td>8h10 - 16h45<\/td>\n\n\n\n\n<\/tr>\n\n\n\n\n\n\n\n\n<tr>\n\n\n\n\n<td>Vendredi<\/td>\n\n\n\n\n\n\n\n\n<td>8h10 - 13h00<\/td>\n\n\n\n\n<\/tr>\n\n\n\n\n\n\n\n\n<tr>\n\n\n\n\n<td>Samedi - Dimanche<\/td>\n\n\n\n\n\n\n\n\n<td>Ferm\u00e9s<\/td>\n\n\n\n\n<\/tr>\n\n\n\n\n<\/tbody>\n\n\n\n\n<\/table>\n\n\n\n\n--><\/p>\n<\/div><\/div><\/div><\/div><\/div><\/div><\/div><\/div><\/div><\/div><\/div><\/div><\/section><section class=\"l-section wpb_row us_custom_2117cbb5 height_auto\"><div class=\"l-section-h i-cf\"><div class=\"g-cols vc_row via_flex valign_top type_default stacking_default\"><div class=\"vc_col-sm-12 wpb_column vc_column_container\"><div class=\"vc_column-inner\"><div class=\"wpb_wrapper\"><div class=\"w-map provider_google\" id=\"us_map_1\"><div class=\"w-map-inner\"><div class=\"w-map-json\" onclick='return {&quot;address&quot;:&quot;45.44630, -75.60915&quot;,&quot;disableDragging&quot;:0,&quot;disableZoom&quot;:0,&quot;hideControls&quot;:0,&quot;zoom&quot;:17,&quot;markers&quot;:[{&quot;address&quot;:&quot;45.44630, -75.60915&quot;,&quot;html&quot;:&quot;&lt;a href=\\&quot;https:\\\/\\\/goo.gl\\\/maps\\\/k8FLBca8GERbdo5f9\\&quot; target=\\&quot;_blank\\&quot;&gt;&lt;h6&gt;Clinique Dentaire Rothwell&lt;\\\/h6&gt;&lt;\\\/a&gt;&lt;p&gt;1745 Ch. Montreal,&lt;br\\\/&gt;Gloucester ON K1J 6N4&lt;\\\/p&gt;&quot;,&quot;infowindow&quot;:&quot;1&quot;}],&quot;maptype&quot;:&quot;ROADMAP&quot;}'><\/div><\/div><\/div><\/div><\/div><\/div><\/div><\/div><\/section>\n","protected":false},"excerpt":{"rendered":"Contacter Rothwell Dental Le centre Rothwell Dental est la plus r\u00e9cente clinique dentaire \u00e0 ouvrir ses portes \u00e0 Gloucester, offrant \u00e0 la r\u00e9gion d\u2019Ottawa des services dentaires sup\u00e9rieurs et modernes. Que vous soyez un de nos anciens patients ou que vous cherchiez des renseignements, notre personnel accueillant et bilingue se fera un plaisir de vous...","protected":false},"author":2,"featured_media":0,"parent":0,"menu_order":0,"comment_status":"closed","ping_status":"closed","template":"","meta":{"footnotes":""},"class_list":["post-8366","page","type-page","status-publish","hentry"],"_links":{"self":[{"href":"https:\/\/rothwelldental.ca\/fr\/wp-json\/wp\/v2\/pages\/8366","targetHints":{"allow":["GET"]}}],"collection":[{"href":"https:\/\/rothwelldental.ca\/fr\/wp-json\/wp\/v2\/pages"}],"about":[{"href":"https:\/\/rothwelldental.ca\/fr\/wp-json\/wp\/v2\/types\/page"}],"author":[{"embeddable":true,"href":"https:\/\/rothwelldental.ca\/fr\/wp-json\/wp\/v2\/users\/2"}],"replies":[{"embeddable":true,"href":"https:\/\/rothwelldental.ca\/fr\/wp-json\/wp\/v2\/comments?post=8366"}],"version-history":[{"count":1,"href":"https:\/\/rothwelldental.ca\/fr\/wp-json\/wp\/v2\/pages\/8366\/revisions"}],"predecessor-version":[{"id":14118,"href":"https:\/\/rothwelldental.ca\/fr\/wp-json\/wp\/v2\/pages\/8366\/revisions\/14118"}],"wp:attachment":[{"href":"https:\/\/rothwelldental.ca\/fr\/wp-json\/wp\/v2\/media?parent=8366"}],"curies":[{"name":"wp","href":"https:\/\/api.w.org\/{rel}","templated":true}]}}