{"id":8401,"date":"2020-08-26T03:32:05","date_gmt":"2020-08-26T03:32:05","guid":{"rendered":"https:\/\/rothwelldental.ca\/?page_id=8401"},"modified":"2020-10-15T09:39:38","modified_gmt":"2020-10-15T13:39:38","slug":"politique-de-confidentialite","status":"publish","type":"page","link":"https:\/\/rothwelldental.ca\/fr\/politique-de-confidentialite\/","title":{"rendered":"Politique de Confidentialit\u00e9"},"content":{"rendered":"<section class=\"l-section wpb_row us_custom_f266c083 height_auto\"><div class=\"l-section-h i-cf\"><div class=\"g-cols vc_row via_flex valign_top type_default stacking_default\"><div class=\"vc_col-sm-12 wpb_column vc_column_container\"><div class=\"vc_column-inner\"><div class=\"wpb_wrapper\"><div class=\"wpb_text_column\"><div class=\"wpb_wrapper\"><p>Cette politique de confidentialit\u00e9 d\u00e9crit comment vos renseignements personnels sont recueillis, utilis\u00e9s et partag\u00e9s lorsque vous visitez ou interagissez avec <a href=\"https:\/\/rothwelldental.ca\">https:\/\/rothwelldental.ca<\/a> (le \u00absite\u00bb).<\/p>\n<p><strong>ARTICLE 1 \u2013 RENSEIGNEMENTS PERSONNELS RECUEILLIS<\/strong><\/p>\n<p>Lorsque vous naviguez sur notre site, nous recevons automatiquement l\u2019adresse de protocole Internet (adresse IP) de votre ordinateur, qui nous permet d\u2019obtenir plus de d\u00e9tails au sujet du navigateur et du syst\u00e8me d\u2019exploitation que vous utilisez.<\/p>\n<p><strong>ARTICLE 2 &#8211; CONSENTEMENT<\/strong><\/p>\n<p>Comment obtenez-vous mon consentement?<\/p>\n<p>Lorsque vous nous fournissez vos renseignements personnels pour soumettre un formulaire de contact, de demande de rendez-vous, et autres, nous pr\u00e9sumons que vous consentez \u00e0 ce que nous recueillions vos renseignements et \u00e0 ce que nous les utilisions \u00e0 cette fin uniquement.<\/p>\n<p>Si nous vous demandons de nous fournir vos renseignements personnels pour une autre raison, \u00e0 des fins de marketing par exemple, nous vous demanderons directement votre consentement explicite, ou nous vous donnerons la possibilit\u00e9 de refuser.<\/p>\n<p>Comment puis-je retirer mon consentement?<\/p>\n<p>Si apr\u00e8s nous avoir donn\u00e9 votre consentement, vous changez d\u2019avis et ne consentez plus \u00e0 ce que nous puissions vous contacter, recueillir vos renseignements ou les divulguer, vous pouvez nous en aviser en nous contactant \u00e0 info@rothwelldental.ca ou par courrier \u00e0: <strong>Centre Dentaire Rothwell Dental, 1745 Chemin Montr\u00e9al, Ottawa ON K1J 6N4<\/strong>.<\/p>\n<p><strong>ARTICLE 3 \u2013 DIVULGATION<\/strong><\/p>\n<p>Nous pouvons divulguer vos renseignements personnels si la loi nous oblige \u00e0 le faire ou si vous violez nos Conditions G\u00e9n\u00e9rales d\u2019Utilisation.<\/p>\n<p><strong>ARTICLE 4 \u2013 SERVICES FOURNIS PAR DES TIERS<\/strong><\/p>\n<p>De mani\u00e8re g\u00e9n\u00e9rale, les fournisseurs tiers que nous utilisons vont uniquement recueillir, utiliser et divulguer vos renseignements dans la mesure du n\u00e9cessaire pour pouvoir r\u00e9aliser les services qu\u2019ils nous fournissent.<\/p>\n<p>Cependant, certains tiers fournisseurs de services, par exemple Google Analytics, Google Maps, et autres, poss\u00e8dent leurs propres politiques de confidentialit\u00e9 quant aux renseignements que nous sommes tenus de leur fournir pour vous offrir nos services Web.<\/p>\n<p>En ce qui concerne ces fournisseurs, nous vous recommandons de lire attentivement leurs politiques de confidentialit\u00e9 pour que vous puissiez comprendre la mani\u00e8re dont ils traiteront vos renseignements personnels.<\/p>\n<p>Il ne faut pas oublier que certains fournisseurs peuvent \u00eatre situ\u00e9s ou avoir des installations situ\u00e9es dans une juridiction diff\u00e9rente de la v\u00f4tre ou de la n\u00f4tre. Donc si vous d\u00e9cidez de poursuivre une transaction qui requiert les services d\u2019un fournisseur tiers, vos renseignements pourraient alors \u00eatre r\u00e9gis par les lois de la juridiction dans laquelle ce fournisseur se situe ou celles de la juridiction dans laquelle ses installations sont situ\u00e9es.<\/p>\n<p>Une fois que vous quittez notre site ou que vous \u00eates redirig\u00e9 vers le site web ou l\u2019application d\u2019un tiers, vous n\u2019\u00eates plus r\u00e9gi par la pr\u00e9sente Politique de Confidentialit\u00e9 ni par les Conditions G\u00e9n\u00e9rales d\u2019Utilisation de notre site web.<\/p>\n<p>Liens<\/p>\n<p>Vous pourriez \u00eatre amen\u00e9 \u00e0 quitter notre site web en cliquant sur certains liens pr\u00e9sents sur notre site. Nous n\u2019assumons aucune responsabilit\u00e9 quant aux pratiques de confidentialit\u00e9 exerc\u00e9es par ces autres sites et vous recommandons de lire attentivement leurs politiques de confidentialit\u00e9.<\/p>\n<p><strong>ARTICLE 5 \u2013 S\u00c9CURIT\u00c9<\/strong><\/p>\n<p>Pour prot\u00e9ger vos donn\u00e9es personnelles, nous prenons des pr\u00e9cautions raisonnables et suivons les meilleures pratiques de l\u2019industrie pour nous assurer qu\u2019elles ne soient pas perdues, d\u00e9tourn\u00e9es, consult\u00e9es, divulgu\u00e9es, modifi\u00e9es ou d\u00e9truites de mani\u00e8re inappropri\u00e9e.<\/p>\n<p><strong>ARTICLE 6 \u2013 \u00c2GE DE CONSENTEMENT<\/strong><\/p>\n<p>En utilisant ce site, vous d\u00e9clarez que vous avez au moins l\u2019\u00e2ge de la majorit\u00e9 dans votre \u00c9tat ou province de r\u00e9sidence, et que vous nous avez donn\u00e9 votre consentement pour permettre \u00e0 toute personne d\u2019\u00e2ge mineur \u00e0 votre charge d\u2019utiliser ce site web.<\/p>\n<p><strong>ARTICLE 7 \u2013 MODIFICATIONS APPORT\u00c9ES \u00c0 LA PR\u00c9SENTE POLITIQUE DE CONFIDENTIALIT\u00c9<\/strong><\/p>\n<p>Nous nous r\u00e9servons le droit de modifier la pr\u00e9sente politique de confidentialit\u00e9 \u00e0 tout moment, donc veuillez s\u2019il vous pla\u00eet la consulter fr\u00e9quemment. Les changements et les clarifications prendront effet imm\u00e9diatement apr\u00e8s leur publication sur le site web. Si nous apportons des changements au contenu de cette politique, nous vous aviserons ici qu\u2019elle a \u00e9t\u00e9 mise \u00e0 jour, pour que vous sachiez quels renseignements nous recueillons, la mani\u00e8re dont nous les utilisons, et dans quelles circonstances nous les divulguons, s\u2019il y a lieu de le faire.<\/p>\n<p>Si notre site fait l\u2019objet d\u2019une acquisition par ou d\u2019une fusion avec une autre entreprise, vos renseignements pourraient \u00eatre transf\u00e9r\u00e9s aux nouveaux propri\u00e9taires pour que nous puissions continuer \u00e0 vous offrir nos services.<\/p>\n<p><strong>QUESTIONS ET COORDONN\u00c9ES<\/strong><\/p>\n<p>Si vous souhaitez: acc\u00e9der \u00e0, corriger, modifier ou supprimer toute information personnelle que nous avons \u00e0 votre sujet, d\u00e9poser une plainte, ou si vous souhaitez simplement avoir plus d\u2019informations, contactez notre agent responsable des normes de confidentialit\u00e9 \u00e0 info@rothwelldental.ca ou par courrier \u00e0 <strong>Centre Dentaire Rothwell Dental, 1745 Chemin Montr\u00e9al, Ottawa ON K1J 6N4<\/strong>.<\/p>\n<\/div><\/div><\/div><\/div><\/div><\/div><\/div><\/section>\n","protected":false},"excerpt":{"rendered":"Cette politique de confidentialit\u00e9 d\u00e9crit comment vos renseignements personnels sont recueillis, utilis\u00e9s et partag\u00e9s lorsque vous visitez ou interagissez avec https:\/\/rothwelldental.ca (le \u00absite\u00bb). ARTICLE 1 \u2013 RENSEIGNEMENTS PERSONNELS RECUEILLIS Lorsque vous naviguez sur notre site, nous recevons automatiquement l\u2019adresse de protocole Internet (adresse IP) de votre ordinateur, qui nous permet d\u2019obtenir plus de d\u00e9tails au...","protected":false},"author":2,"featured_media":0,"parent":0,"menu_order":0,"comment_status":"closed","ping_status":"closed","template":"","meta":{"footnotes":""},"class_list":["post-8401","page","type-page","status-publish","hentry"],"_links":{"self":[{"href":"https:\/\/rothwelldental.ca\/fr\/wp-json\/wp\/v2\/pages\/8401","targetHints":{"allow":["GET"]}}],"collection":[{"href":"https:\/\/rothwelldental.ca\/fr\/wp-json\/wp\/v2\/pages"}],"about":[{"href":"https:\/\/rothwelldental.ca\/fr\/wp-json\/wp\/v2\/types\/page"}],"author":[{"embeddable":true,"href":"https:\/\/rothwelldental.ca\/fr\/wp-json\/wp\/v2\/users\/2"}],"replies":[{"embeddable":true,"href":"https:\/\/rothwelldental.ca\/fr\/wp-json\/wp\/v2\/comments?post=8401"}],"version-history":[{"count":0,"href":"https:\/\/rothwelldental.ca\/fr\/wp-json\/wp\/v2\/pages\/8401\/revisions"}],"wp:attachment":[{"href":"https:\/\/rothwelldental.ca\/fr\/wp-json\/wp\/v2\/media?parent=8401"}],"curies":[{"name":"wp","href":"https:\/\/api.w.org\/{rel}","templated":true}]}}