{"id":9072,"date":"2020-06-05T00:40:28","date_gmt":"2020-06-05T04:40:28","guid":{"rendered":"https:\/\/rothwelldental.ca\/covid-2\/"},"modified":"2022-10-20T18:42:11","modified_gmt":"2022-10-20T22:42:11","slug":"covid","status":"publish","type":"page","link":"https:\/\/rothwelldental.ca\/fr\/covid\/","title":{"rendered":"COVID-19"},"content":{"rendered":"<section class=\"l-section wpb_row us_custom_cd2ad0f2 height_auto\"><div class=\"l-section-h i-cf\"><div class=\"g-cols vc_row via_flex valign_top type_default stacking_default\"><div class=\"vc_col-sm-12 wpb_column vc_column_container\"><div class=\"vc_column-inner\"><div class=\"wpb_wrapper\"><div class=\"g-cols wpb_row us_custom_2117cbb5 via_flex valign_top type_default stacking_default\"><div class=\"vc_col-sm-12 wpb_column vc_column_container\"><div class=\"vc_column-inner us_custom_eb849559\"><div class=\"wpb_wrapper\"><div class=\"wpb_text_column us_custom_eb849559\"><div class=\"wpb_wrapper\"><h3><a href=\"https:\/\/rothwelldental.ca\/covid\/\"><strong>Click here for the COVID-19 screening form in English<\/strong><\/a><\/h3>\n<\/div><\/div><div class=\"w-separator size_medium with_line width_default thick_1 style_solid color_border align_center\"><div class=\"w-separator-h\"><\/div><\/div><div class=\"wpb_text_column us_custom_eb849559\"><div class=\"wpb_wrapper\"><p><strong>En raison de la pand\u00e9mie, nous demandons \u00e0 tous les patients de remplir un formulaire de d\u00e9pistage du COVID-19 avant d&rsquo;assister \u00e0 leurs rendez-vous.<\/strong><\/p>\n<\/div><\/div><\/div><\/div><\/div><\/div><div class=\"g-cols wpb_row via_flex valign_top type_default stacking_default\"><div class=\"vc_col-sm-12 wpb_column vc_column_container\"><div class=\"vc_column-inner\"><div class=\"wpb_wrapper\"><div class=\"w-html\"><div class=\"forminator-ui forminator-custom-form forminator-custom-form-11228 forminator-design--flat  forminator_ajax\" data-forminator-render=\"0\" data-form=\"forminator-module-11228\" data-uid=\"69e365d8cebd9\"><br\/><\/div><form\r\n\t\t\t\tid=\"forminator-module-11228\"\r\n\t\t\t\tclass=\"forminator-ui forminator-custom-form forminator-custom-form-11228 forminator-design--flat  forminator_ajax\"\r\n\t\t\t\tmethod=\"post\"\r\n\t\t\t\tdata-forminator-render=\"0\"\r\n\t\t\t\tdata-form-id=\"11228\"\r\n\t\t\t\t\r\n\t\t\t\tdata-design=\"flat\"\r\n\t\t\t\t\r\n\t\t\t\t\r\n\t\t\t\t\r\n\t\t\t\tdata-grid=\"open\"\r\n\t\t\t\t\r\n\t\t\t\t\r\n\t\t\t\tstyle=\"display: none;\"\r\n\t\t\t\t\r\n\t\t\t\tdata-uid=\"69e365d8cebd9\"\r\n\t\t\t><div role=\"alert\" aria-live=\"polite\" class=\"forminator-response-message forminator-error\" aria-hidden=\"true\"><\/div><div class=\"forminator-row\"><div id=\"name-1\" class=\"forminator-field-name forminator-col forminator-col-4 \"><div class=\"forminator-field\"><label for=\"forminator-field-name-1_69e365d8cebd9\" id=\"forminator-field-name-1_69e365d8cebd9-label\" class=\"forminator-label\">Votre pr\u00e9nom <span class=\"forminator-required\">*<\/span><\/label><input type=\"text\" name=\"name-1\" value=\"\" placeholder=\"\" id=\"forminator-field-name-1_69e365d8cebd9\" class=\"forminator-input forminator-name--field\" aria-required=\"true\" \/><\/div><\/div><div id=\"name-2\" class=\"forminator-field-name forminator-col forminator-col-4 \"><div class=\"forminator-field\"><label for=\"forminator-field-name-2_69e365d8cebd9\" id=\"forminator-field-name-2_69e365d8cebd9-label\" class=\"forminator-label\">Votre nom <span class=\"forminator-required\">*<\/span><\/label><input type=\"text\" name=\"name-2\" value=\"\" placeholder=\"\" id=\"forminator-field-name-2_69e365d8cebd9\" class=\"forminator-input forminator-name--field\" aria-required=\"true\" \/><\/div><\/div><div id=\"number-1\" class=\"forminator-field-number forminator-col forminator-col-4 \"><div class=\"forminator-field\"><label for=\"forminator-field-number-1_69e365d8cebd9\" id=\"forminator-field-number-1_69e365d8cebd9-label\" class=\"forminator-label\">Votre \u00e2ge <span class=\"forminator-required\">*<\/span><\/label><input name=\"number-1\" value=\"\" placeholder=\"\" id=\"forminator-field-number-1_69e365d8cebd9\" class=\"forminator-input forminator-number--field\" inputmode=\"decimal\" data-required=\"1\" data-decimals=\"0\" aria-required=\"true\" data-inputmask=\"&#039;groupSeparator&#039;: &#039;&#039;, &#039;radixPoint&#039;: &#039;&#039;, &#039;digits&#039;: &#039;0&#039;\" type=\"number\" step=\"any\" min=\"1\" max=\"150\" \/><\/div><\/div><\/div><div class=\"forminator-row\"><div id=\"radio-1\" class=\"forminator-field-radio forminator-col forminator-col-12 \"><div role=\"radiogroup\" class=\"forminator-field\" aria-labelledby=\"forminator-radiogroup-69e365d8cebd9-label\"><span id=\"forminator-radiogroup-69e365d8cebd9-label\" class=\"forminator-label\">\u00cates-vous immunocompromis? <span class=\"forminator-required\">*<\/span><\/span><label id=\"forminator-field-radio-1-label-1\" for=\"forminator-field-radio-1-1-69e365d8cebd9\" class=\"forminator-radio forminator-radio-inline\" title=\"Oui\"><input type=\"radio\" name=\"radio-1\" value=\"oui\" id=\"forminator-field-radio-1-1-69e365d8cebd9\" aria-labelledby=\"forminator-field-radio-1-label-1\" data-calculation=\"0\"  \/><span class=\"forminator-radio-bullet\" aria-hidden=\"true\"><\/span><span class=\"forminator-radio-label\">Oui<\/span><\/label><label id=\"forminator-field-radio-1-label-2\" for=\"forminator-field-radio-1-2-69e365d8cebd9\" class=\"forminator-radio forminator-radio-inline\" title=\"Non\"><input type=\"radio\" name=\"radio-1\" value=\"non\" id=\"forminator-field-radio-1-2-69e365d8cebd9\" aria-labelledby=\"forminator-field-radio-1-label-2\" data-calculation=\"0\"  \/><span class=\"forminator-radio-bullet\" aria-hidden=\"true\"><\/span><span class=\"forminator-radio-label\">Non<\/span><\/label><\/div><\/div><\/div><div class=\"forminator-row\"><div id=\"checkbox-1\" class=\"forminator-field-checkbox forminator-col forminator-col-12 \"><div role=\"group\" class=\"forminator-field\" aria-labelledby=\"forminator-checkbox-group-69e365d8cebd9-label\"><span id=\"forminator-checkbox-group-69e365d8cebd9-label\" class=\"forminator-label\">Pr\u00e9sentez-vous l&#039;un ou l&#039;autre de ces sympt\u00f4mes? (cochez l&#039;un ou l&#039;autre ou tous les sympt\u00f4mes, ceux qui s&#039;aggravent et ceux qui ne sont pas li\u00e9s \u00e0 d&#039;autres causes ou probl\u00e8mes de sant\u00e9 connus)<\/span><label id=\"forminator-field-checkbox-1-1-69e365d8cebd9-label\" for=\"forminator-field-checkbox-1-1-69e365d8cebd9\" class=\"forminator-checkbox\" title=\"Fi\u00e8vre ou frissons\"><input type=\"checkbox\" name=\"checkbox-1[]\" value=\"Fi\u00e8vre-ou-frissons\" id=\"forminator-field-checkbox-1-1-69e365d8cebd9\" aria-labelledby=\"forminator-field-checkbox-1-1-69e365d8cebd9-label\" data-calculation=\"0\"  \/><span class=\"forminator-checkbox-box\" aria-hidden=\"true\"><\/span><span class=\"forminator-checkbox-label\">Fi\u00e8vre ou frissons<\/span><\/label><label id=\"forminator-field-checkbox-1-2-69e365d8cebd9-label\" for=\"forminator-field-checkbox-1-2-69e365d8cebd9\" class=\"forminator-checkbox\" title=\"Essouflement\"><input type=\"checkbox\" name=\"checkbox-1[]\" value=\"Essouflement\" id=\"forminator-field-checkbox-1-2-69e365d8cebd9\" aria-labelledby=\"forminator-field-checkbox-1-2-69e365d8cebd9-label\" data-calculation=\"0\"  \/><span class=\"forminator-checkbox-box\" aria-hidden=\"true\"><\/span><span class=\"forminator-checkbox-label\">Essouflement<\/span><\/label><label id=\"forminator-field-checkbox-1-3-69e365d8cebd9-label\" for=\"forminator-field-checkbox-1-3-69e365d8cebd9\" class=\"forminator-checkbox\" title=\"Douleurs musculaires\/articulaires\"><input type=\"checkbox\" name=\"checkbox-1[]\" value=\"Douleurs-musculaires-articulaires\" id=\"forminator-field-checkbox-1-3-69e365d8cebd9\" aria-labelledby=\"forminator-field-checkbox-1-3-69e365d8cebd9-label\" data-calculation=\"0\"  \/><span class=\"forminator-checkbox-box\" aria-hidden=\"true\"><\/span><span class=\"forminator-checkbox-label\">Douleurs musculaires\/articulaires<\/span><\/label><label id=\"forminator-field-checkbox-1-4-69e365d8cebd9-label\" for=\"forminator-field-checkbox-1-4-69e365d8cebd9\" class=\"forminator-checkbox\" title=\"Mal de gorge\"><input type=\"checkbox\" name=\"checkbox-1[]\" value=\"Mal-de-gorge\" id=\"forminator-field-checkbox-1-4-69e365d8cebd9\" aria-labelledby=\"forminator-field-checkbox-1-4-69e365d8cebd9-label\" data-calculation=\"0\"  \/><span class=\"forminator-checkbox-box\" aria-hidden=\"true\"><\/span><span class=\"forminator-checkbox-label\">Mal de gorge<\/span><\/label><label id=\"forminator-field-checkbox-1-5-69e365d8cebd9-label\" for=\"forminator-field-checkbox-1-5-69e365d8cebd9\" class=\"forminator-checkbox\" title=\"Maux de t\u00eate\"><input type=\"checkbox\" name=\"checkbox-1[]\" value=\"Maux-de-t\u00eate\" id=\"forminator-field-checkbox-1-5-69e365d8cebd9\" aria-labelledby=\"forminator-field-checkbox-1-5-69e365d8cebd9-label\" data-calculation=\"0\"  \/><span class=\"forminator-checkbox-box\" aria-hidden=\"true\"><\/span><span class=\"forminator-checkbox-label\">Maux de t\u00eate<\/span><\/label><label id=\"forminator-field-checkbox-1-6-69e365d8cebd9-label\" for=\"forminator-field-checkbox-1-6-69e365d8cebd9\" class=\"forminator-checkbox\" title=\"Naus\u00e9es, vomissements et\/ou diarrh\u00e9e\"><input type=\"checkbox\" name=\"checkbox-1[]\" value=\"Naus\u00e9es,-vomissements-et-ou-diarrh\u00e9e\" id=\"forminator-field-checkbox-1-6-69e365d8cebd9\" aria-labelledby=\"forminator-field-checkbox-1-6-69e365d8cebd9-label\" data-calculation=\"0\"  \/><span class=\"forminator-checkbox-box\" aria-hidden=\"true\"><\/span><span class=\"forminator-checkbox-label\">Naus\u00e9es, vomissements et\/ou diarrh\u00e9e<\/span><\/label><label id=\"forminator-field-checkbox-1-7-69e365d8cebd9-label\" for=\"forminator-field-checkbox-1-7-69e365d8cebd9\" class=\"forminator-checkbox\" title=\"Toux ou toux aboyante (laryngite)\"><input type=\"checkbox\" name=\"checkbox-1[]\" value=\"Toux-ou-toux-aboyante-(laryngite)\" id=\"forminator-field-checkbox-1-7-69e365d8cebd9\" aria-labelledby=\"forminator-field-checkbox-1-7-69e365d8cebd9-label\" data-calculation=\"0\"  \/><span class=\"forminator-checkbox-box\" aria-hidden=\"true\"><\/span><span class=\"forminator-checkbox-label\">Toux ou toux aboyante (laryngite)<\/span><\/label><label id=\"forminator-field-checkbox-1-8-69e365d8cebd9-label\" for=\"forminator-field-checkbox-1-8-69e365d8cebd9\" class=\"forminator-checkbox\" title=\"Diminution ou perte du go\u00fbt ou de l&#039;odorat\"><input type=\"checkbox\" name=\"checkbox-1[]\" value=\"Diminution-ou-perte-du-go\u00fbt-ou-de-l&#039;odorat\" id=\"forminator-field-checkbox-1-8-69e365d8cebd9\" aria-labelledby=\"forminator-field-checkbox-1-8-69e365d8cebd9-label\" data-calculation=\"0\"  \/><span class=\"forminator-checkbox-box\" aria-hidden=\"true\"><\/span><span class=\"forminator-checkbox-label\">Diminution ou perte du go\u00fbt ou de l'odorat<\/span><\/label><label id=\"forminator-field-checkbox-1-9-69e365d8cebd9-label\" for=\"forminator-field-checkbox-1-9-69e365d8cebd9\" class=\"forminator-checkbox\" title=\"Fatigue extr\u00eame\"><input type=\"checkbox\" name=\"checkbox-1[]\" value=\"Fatigue-extr\u00eame\" id=\"forminator-field-checkbox-1-9-69e365d8cebd9\" aria-labelledby=\"forminator-field-checkbox-1-9-69e365d8cebd9-label\" data-calculation=\"0\"  \/><span class=\"forminator-checkbox-box\" aria-hidden=\"true\"><\/span><span class=\"forminator-checkbox-label\">Fatigue extr\u00eame<\/span><\/label><label id=\"forminator-field-checkbox-1-10-69e365d8cebd9-label\" for=\"forminator-field-checkbox-1-10-69e365d8cebd9\" class=\"forminator-checkbox\" title=\"\u00c9coulement nasal ou nez bouch\u00e9\/congestion nasale\"><input type=\"checkbox\" name=\"checkbox-1[]\" value=\"\u00c9coulement-nasal-ou-nez-bouch\u00e9-congestion-nasale\" id=\"forminator-field-checkbox-1-10-69e365d8cebd9\" aria-labelledby=\"forminator-field-checkbox-1-10-69e365d8cebd9-label\" data-calculation=\"0\"  \/><span class=\"forminator-checkbox-box\" aria-hidden=\"true\"><\/span><span class=\"forminator-checkbox-label\">\u00c9coulement nasal ou nez bouch\u00e9\/congestion nasale<\/span><\/label><label id=\"forminator-field-checkbox-1-11-69e365d8cebd9-label\" for=\"forminator-field-checkbox-1-11-69e365d8cebd9\" class=\"forminator-checkbox\" title=\"Douleur abdominale\"><input type=\"checkbox\" name=\"checkbox-1[]\" value=\"Douleur-abdominale\" id=\"forminator-field-checkbox-1-11-69e365d8cebd9\" aria-labelledby=\"forminator-field-checkbox-1-11-69e365d8cebd9-label\" data-calculation=\"0\"  \/><span class=\"forminator-checkbox-box\" aria-hidden=\"true\"><\/span><span class=\"forminator-checkbox-label\">Douleur abdominale<\/span><\/label><label id=\"forminator-field-checkbox-1-12-69e365d8cebd9-label\" for=\"forminator-field-checkbox-1-12-69e365d8cebd9\" class=\"forminator-checkbox\" title=\"Une conjonctivite\"><input type=\"checkbox\" name=\"checkbox-1[]\" value=\"Une-conjonctivite\" id=\"forminator-field-checkbox-1-12-69e365d8cebd9\" aria-labelledby=\"forminator-field-checkbox-1-12-69e365d8cebd9-label\" data-calculation=\"0\"  \/><span class=\"forminator-checkbox-box\" aria-hidden=\"true\"><\/span><span class=\"forminator-checkbox-label\">Une conjonctivite<\/span><\/label><\/div><\/div><\/div><div class=\"forminator-row\"><div id=\"radio-5\" class=\"forminator-field-radio forminator-col forminator-col-12 \"><div role=\"radiogroup\" class=\"forminator-field\" aria-labelledby=\"forminator-radiogroup-69e365d8cebd9-label\"><span id=\"forminator-radiogroup-69e365d8cebd9-label\" class=\"forminator-label\">Vous a-t-on dit par un m\u00e9decin, un fournisseur de soins de sant\u00e9, un bureau de sant\u00e9 publique, un agent des services frontaliers f\u00e9d\u00e9raux ou une autre autorit\u00e9 gouvernementale que vous devriez actuellement vous placer en quarantaine, vous isoler ou rester \u00e0 la maison? <span class=\"forminator-required\">*<\/span><\/span><label id=\"forminator-field-radio-5-label-1\" for=\"forminator-field-radio-5-1-69e365d8cebd9\" class=\"forminator-radio forminator-radio-inline\" title=\"Oui\"><input type=\"radio\" name=\"radio-5\" value=\"oui\" id=\"forminator-field-radio-5-1-69e365d8cebd9\" aria-labelledby=\"forminator-field-radio-5-label-1\" data-calculation=\"0\"  \/><span class=\"forminator-radio-bullet\" aria-hidden=\"true\"><\/span><span class=\"forminator-radio-label\">Oui<\/span><\/label><label id=\"forminator-field-radio-5-label-2\" for=\"forminator-field-radio-5-2-69e365d8cebd9\" class=\"forminator-radio forminator-radio-inline\" title=\"Non\"><input type=\"radio\" name=\"radio-5\" value=\"non\" id=\"forminator-field-radio-5-2-69e365d8cebd9\" aria-labelledby=\"forminator-field-radio-5-label-2\" data-calculation=\"0\"  \/><span class=\"forminator-radio-bullet\" aria-hidden=\"true\"><\/span><span class=\"forminator-radio-label\">Non<\/span><\/label><\/div><\/div><\/div><div class=\"forminator-row\"><div id=\"radio-4\" class=\"forminator-field-radio forminator-col forminator-col-12 \"><div role=\"radiogroup\" class=\"forminator-field\" aria-labelledby=\"forminator-radiogroup-69e365d8cebd9-label\"><span id=\"forminator-radiogroup-69e365d8cebd9-label\" class=\"forminator-label\">Au cours des 10 derniers jours, avez-vous re\u00e7u un r\u00e9sultat positif \u00e0 un test PCR de d\u00e9pistage de la covid-19 r\u00e9alis\u00e9 en laboratoire, \u00e0 un test mol\u00e9culaire rapide, \u00e0 un test antig\u00e9nique rapide ou \u00e0 une trousse d&#039;autotest de d\u00e9pistage \u00e0 r\u00e9aliser \u00e0 la maison <span class=\"forminator-required\">*<\/span><\/span><label id=\"forminator-field-radio-4-label-1\" for=\"forminator-field-radio-4-1-69e365d8cebd9\" class=\"forminator-radio forminator-radio-inline\" title=\"Oui\"><input type=\"radio\" name=\"radio-4\" value=\"oui\" id=\"forminator-field-radio-4-1-69e365d8cebd9\" aria-labelledby=\"forminator-field-radio-4-label-1\" data-calculation=\"0\"  \/><span class=\"forminator-radio-bullet\" aria-hidden=\"true\"><\/span><span class=\"forminator-radio-label\">Oui<\/span><\/label><label id=\"forminator-field-radio-4-label-2\" for=\"forminator-field-radio-4-2-69e365d8cebd9\" class=\"forminator-radio forminator-radio-inline\" title=\"Non\"><input type=\"radio\" name=\"radio-4\" value=\"non\" id=\"forminator-field-radio-4-2-69e365d8cebd9\" aria-labelledby=\"forminator-field-radio-4-label-2\" data-calculation=\"0\"  \/><span class=\"forminator-radio-bullet\" aria-hidden=\"true\"><\/span><span class=\"forminator-radio-label\">Non<\/span><\/label><\/div><\/div><\/div><div class=\"forminator-row\"><div id=\"captcha-1\" class=\"forminator-field-captcha forminator-col forminator-col-12 \"><div class=\"forminator-captcha-left forminator-g-recaptcha recaptcha-invisible\" data-theme=\"light\" data-badge=\"bottomright\" data-sitekey=\"6Lda2iwaAAAAAHyR7vsHMXhnqrjveY_qWxiBrCIy\" data-size=\"invisible\"><\/div> <\/div><\/div><input type=\"hidden\" name=\"referer_url\" value=\"\" \/><div class=\"forminator-row forminator-row-last\"><div class=\"forminator-col\"><div class=\"forminator-field\"><button class=\"forminator-button forminator-button-submit\">Soumettre votre formulaire de d&eacute;pistage<\/button><\/div><\/div><\/div><input type=\"hidden\" id=\"forminator_nonce\" name=\"forminator_nonce\" value=\"8da7f5cdb7\" \/><input type=\"hidden\" name=\"_wp_http_referer\" value=\"\/fr\/wp-json\/wp\/v2\/pages\/9072\" \/><input type=\"hidden\" name=\"form_id\" value=\"11228\"><input type=\"hidden\" name=\"page_id\" value=\"9072\"><input type=\"hidden\" name=\"form_type\" value=\"default\"><input type=\"hidden\" name=\"current_url\" value=\"https:\/\/rothwelldental.ca\/fr\/covid\/\"><input type=\"hidden\" name=\"render_id\" value=\"0\"><input type=\"hidden\" name=\"action\" value=\"forminator_submit_form_custom-forms\"><label for=\"input_8\" class=\"forminator-hidden\" aria-hidden=\"true\">Veuillez ne pas remplir ce champ. <input id=\"input_8\" type=\"text\" name=\"input_8\" value=\"\" autocomplete=\"off\"><\/label><\/form><\/div><\/div><\/div><\/div><\/div><\/div><\/div><\/div><\/div><\/div><\/section>\n","protected":false},"excerpt":{"rendered":"Click here for the COVID-19 screening form in English En raison de la pand\u00e9mie, nous demandons \u00e0 tous les patients de remplir un formulaire de d\u00e9pistage du COVID-19 avant d&rsquo;assister \u00e0 leurs rendez-vous. Votre pr\u00e9nom *Votre nom *Votre \u00e2ge *\u00cates-vous immunocompromis? *OuiNonPr\u00e9sentez-vous l&#039;un ou l&#039;autre de ces sympt\u00f4mes? (cochez l&#039;un ou l&#039;autre ou tous les...","protected":false},"author":2,"featured_media":0,"parent":0,"menu_order":0,"comment_status":"closed","ping_status":"closed","template":"","meta":{"footnotes":""},"class_list":["post-9072","page","type-page","status-publish","hentry"],"_links":{"self":[{"href":"https:\/\/rothwelldental.ca\/fr\/wp-json\/wp\/v2\/pages\/9072","targetHints":{"allow":["GET"]}}],"collection":[{"href":"https:\/\/rothwelldental.ca\/fr\/wp-json\/wp\/v2\/pages"}],"about":[{"href":"https:\/\/rothwelldental.ca\/fr\/wp-json\/wp\/v2\/types\/page"}],"author":[{"embeddable":true,"href":"https:\/\/rothwelldental.ca\/fr\/wp-json\/wp\/v2\/users\/2"}],"replies":[{"embeddable":true,"href":"https:\/\/rothwelldental.ca\/fr\/wp-json\/wp\/v2\/comments?post=9072"}],"version-history":[{"count":5,"href":"https:\/\/rothwelldental.ca\/fr\/wp-json\/wp\/v2\/pages\/9072\/revisions"}],"predecessor-version":[{"id":11245,"href":"https:\/\/rothwelldental.ca\/fr\/wp-json\/wp\/v2\/pages\/9072\/revisions\/11245"}],"wp:attachment":[{"href":"https:\/\/rothwelldental.ca\/fr\/wp-json\/wp\/v2\/media?parent=9072"}],"curies":[{"name":"wp","href":"https:\/\/api.w.org\/{rel}","templated":true}]}}